{"id":795,"date":"2020-03-22T16:16:20","date_gmt":"2020-03-22T16:16:20","guid":{"rendered":"http:\/\/www.agrocredit.lv\/?page_id=795"},"modified":"2025-06-12T14:15:29","modified_gmt":"2025-06-12T12:15:29","slug":"aizdevums-investiciju-un-es-strukturfondu-projektu-realizesanai","status":"publish","type":"page","link":"https:\/\/agrocredit.lv\/en\/aizdevums-investiciju-un-es-strukturfondu-projektu-realizesanai\/","title":{"rendered":"Investment loans"},"content":{"rendered":"<p>The loan for the implementation of investment and EU structural fund projects is available to farms working in grain, milk and meat farming, vegetable growing and other agricultural sectors. The loan is issued for several years and is intended for the acquisition of agricultural land and financing other investment projects.<\/p>\n<p>&nbsp;<\/p>\n<p>Loans are offered also for the implementation of projects co-financed by the EU Structural Funds. The loan conditions and repayment schedule are adjusted to the cash flow provided within the framework of the project.<\/p>\n<p>&nbsp;<\/p>\n<p>Collateral for the loan is usually served by the fixed asset to be purchased.<\/p>","protected":false},"excerpt":{"rendered":"<p>The loan for the implementation of investment and EU structural fund projects is available to farms working in grain, milk and meat farming, vegetable growing&#8230;<\/p>\n","protected":false},"author":2,"featured_media":1390,"parent":0,"menu_order":0,"comment_status":"closed","ping_status":"closed","template":"pagewsidebar.php","meta":{"inline_featured_image":false},"acf":[],"yoast_head":"<!-- This site is optimized with the Yoast SEO plugin v19.9 - https:\/\/yoast.com\/wordpress\/plugins\/seo\/ -->\n<title>Investment loans - Agrocredit<\/title>\n<meta name=\"robots\" content=\"index, follow, max-snippet:-1, max-image-preview:large, max-video-preview:-1\" \/>\n<link rel=\"canonical\" href=\"https:\/\/agrocredit.lv\/aizdevums-investiciju-un-es-strukturfondu-projektu-realizesanai\/\" \/>\n<meta property=\"og:locale\" content=\"en_US\" \/>\n<meta property=\"og:type\" content=\"article\" \/>\n<meta property=\"og:title\" content=\"[:lv]Aizdevums saimniec\u012bbas att\u012bst\u012bbai[:en]Investment loans[:] - Agrocredit\" \/>\n<meta property=\"og:description\" content=\"The loan for the implementation of investment and EU structural fund projects is available to farms working in grain, milk and meat farming, vegetable growing...\" \/>\n<meta property=\"og:url\" content=\"https:\/\/agrocredit.lv\/aizdevums-investiciju-un-es-strukturfondu-projektu-realizesanai\/\" \/>\n<meta property=\"og:site_name\" content=\"Agrocredit\" \/>\n<meta property=\"article:modified_time\" content=\"2025-06-12T12:15:29+00:00\" \/>\n<meta property=\"og:image\" content=\"https:\/\/agrocredit.lv\/wp-content\/uploads\/2022\/08\/agrocredit-investicijam2.jpg\" \/>\n\t<meta property=\"og:image:width\" content=\"750\" \/>\n\t<meta property=\"og:image:height\" content=\"347\" \/>\n\t<meta property=\"og:image:type\" content=\"image\/jpeg\" \/>\n<meta name=\"twitter:card\" content=\"summary_large_image\" \/>\n<meta name=\"twitter:label1\" content=\"Est. reading time\" \/>\n\t<meta name=\"twitter:data1\" content=\"1 minute\" \/>\n<script type=\"application\/ld+json\" class=\"yoast-schema-graph\">{\"@context\":\"https:\/\/schema.org\",\"@graph\":[{\"@type\":\"WebPage\",\"@id\":\"https:\/\/agrocredit.lv\/aizdevums-investiciju-un-es-strukturfondu-projektu-realizesanai\/\",\"url\":\"https:\/\/agrocredit.lv\/aizdevums-investiciju-un-es-strukturfondu-projektu-realizesanai\/\",\"name\":\"[:lv]Aizdevums saimniec\u012bbas att\u012bst\u012bbai[:en]Investment loans[:] - Agrocredit\",\"isPartOf\":{\"@id\":\"https:\/\/agrocredit.lv\/#website\"},\"datePublished\":\"2020-03-22T16:16:20+00:00\",\"dateModified\":\"2025-06-12T12:15:29+00:00\",\"breadcrumb\":{\"@id\":\"https:\/\/agrocredit.lv\/aizdevums-investiciju-un-es-strukturfondu-projektu-realizesanai\/#breadcrumb\"},\"inLanguage\":\"en-US\",\"potentialAction\":[{\"@type\":\"ReadAction\",\"target\":[\"https:\/\/agrocredit.lv\/aizdevums-investiciju-un-es-strukturfondu-projektu-realizesanai\/\"]}]},{\"@type\":\"BreadcrumbList\",\"@id\":\"https:\/\/agrocredit.lv\/aizdevums-investiciju-un-es-strukturfondu-projektu-realizesanai\/#breadcrumb\",\"itemListElement\":[{\"@type\":\"ListItem\",\"position\":1,\"name\":\"Home\",\"item\":\"https:\/\/agrocredit.lv\/\"},{\"@type\":\"ListItem\",\"position\":2,\"name\":\"Aizdevums saimniec\u012bbas att\u012bst\u012bbai\"}]},{\"@type\":\"WebSite\",\"@id\":\"https:\/\/agrocredit.lv\/#website\",\"url\":\"https:\/\/agrocredit.lv\/\",\"name\":\"Agrocredit\",\"description\":\"Agrocredit\",\"potentialAction\":[{\"@type\":\"SearchAction\",\"target\":{\"@type\":\"EntryPoint\",\"urlTemplate\":\"https:\/\/agrocredit.lv\/?s={search_term_string}\"},\"query-input\":\"required name=search_term_string\"}],\"inLanguage\":\"en-US\"}]}<\/script>\n<!-- \/ Yoast SEO plugin. -->","yoast_head_json":{"title":"[:lv]Aizdevums saimniec\u012bbas att\u012bst\u012bbai[:en]Investment loans[:] - Agrocredit","robots":{"index":"index","follow":"follow","max-snippet":"max-snippet:-1","max-image-preview":"max-image-preview:large","max-video-preview":"max-video-preview:-1"},"canonical":"https:\/\/agrocredit.lv\/aizdevums-investiciju-un-es-strukturfondu-projektu-realizesanai\/","og_locale":"en_US","og_type":"article","og_title":"[:lv]Aizdevums saimniec\u012bbas att\u012bst\u012bbai[:en]Investment loans[:] - Agrocredit","og_description":"The loan for the implementation of investment and EU structural fund projects is available to farms working in grain, milk and meat farming, vegetable growing...","og_url":"https:\/\/agrocredit.lv\/aizdevums-investiciju-un-es-strukturfondu-projektu-realizesanai\/","og_site_name":"Agrocredit","article_modified_time":"2025-06-12T12:15:29+00:00","og_image":[{"width":750,"height":347,"url":"https:\/\/agrocredit.lv\/wp-content\/uploads\/2022\/08\/agrocredit-investicijam2.jpg","type":"image\/jpeg"}],"twitter_card":"summary_large_image","twitter_misc":{"Est. reading time":"1 minute"},"schema":{"@context":"https:\/\/schema.org","@graph":[{"@type":"WebPage","@id":"https:\/\/agrocredit.lv\/aizdevums-investiciju-un-es-strukturfondu-projektu-realizesanai\/","url":"https:\/\/agrocredit.lv\/aizdevums-investiciju-un-es-strukturfondu-projektu-realizesanai\/","name":"[:lv]Aizdevums saimniec\u012bbas att\u012bst\u012bbai[:en]Investment loans[:] - Agrocredit","isPartOf":{"@id":"https:\/\/agrocredit.lv\/#website"},"datePublished":"2020-03-22T16:16:20+00:00","dateModified":"2025-06-12T12:15:29+00:00","breadcrumb":{"@id":"https:\/\/agrocredit.lv\/aizdevums-investiciju-un-es-strukturfondu-projektu-realizesanai\/#breadcrumb"},"inLanguage":"en-US","potentialAction":[{"@type":"ReadAction","target":["https:\/\/agrocredit.lv\/aizdevums-investiciju-un-es-strukturfondu-projektu-realizesanai\/"]}]},{"@type":"BreadcrumbList","@id":"https:\/\/agrocredit.lv\/aizdevums-investiciju-un-es-strukturfondu-projektu-realizesanai\/#breadcrumb","itemListElement":[{"@type":"ListItem","position":1,"name":"Home","item":"https:\/\/agrocredit.lv\/"},{"@type":"ListItem","position":2,"name":"Aizdevums saimniec\u012bbas att\u012bst\u012bbai"}]},{"@type":"WebSite","@id":"https:\/\/agrocredit.lv\/#website","url":"https:\/\/agrocredit.lv\/","name":"Agrocredit","description":"Agrocredit","potentialAction":[{"@type":"SearchAction","target":{"@type":"EntryPoint","urlTemplate":"https:\/\/agrocredit.lv\/?s={search_term_string}"},"query-input":"required name=search_term_string"}],"inLanguage":"en-US"}]}},"_links":{"self":[{"href":"https:\/\/agrocredit.lv\/en\/wp-json\/wp\/v2\/pages\/795"}],"collection":[{"href":"https:\/\/agrocredit.lv\/en\/wp-json\/wp\/v2\/pages"}],"about":[{"href":"https:\/\/agrocredit.lv\/en\/wp-json\/wp\/v2\/types\/page"}],"author":[{"embeddable":true,"href":"https:\/\/agrocredit.lv\/en\/wp-json\/wp\/v2\/users\/2"}],"replies":[{"embeddable":true,"href":"https:\/\/agrocredit.lv\/en\/wp-json\/wp\/v2\/comments?post=795"}],"version-history":[{"count":13,"href":"https:\/\/agrocredit.lv\/en\/wp-json\/wp\/v2\/pages\/795\/revisions"}],"predecessor-version":[{"id":1967,"href":"https:\/\/agrocredit.lv\/en\/wp-json\/wp\/v2\/pages\/795\/revisions\/1967"}],"wp:featuredmedia":[{"embeddable":true,"href":"https:\/\/agrocredit.lv\/en\/wp-json\/wp\/v2\/media\/1390"}],"wp:attachment":[{"href":"https:\/\/agrocredit.lv\/en\/wp-json\/wp\/v2\/media?parent=795"}],"curies":[{"name":"wp","href":"https:\/\/api.w.org\/{rel}","templated":true}]}}