{"id":684,"date":"2019-09-09T13:12:40","date_gmt":"2019-09-09T13:12:40","guid":{"rendered":"http:\/\/www.agrocredit.lv\/?page_id=684"},"modified":"2020-03-22T16:26:54","modified_gmt":"2020-03-22T16:26:54","slug":"sezonas-finansejuma-kreditlimita-kalkulators","status":"publish","type":"page","link":"https:\/\/agrocredit.lv\/en\/sezonas-finansejuma-kreditlimita-kalkulators\/","title":{"rendered":"Kred\u012btlimita apr\u0113\u0137in\u0101\u0161anas kalkulators"},"content":{"rendered":"","protected":false},"excerpt":{"rendered":"","protected":false},"author":2,"featured_media":0,"parent":0,"menu_order":0,"comment_status":"closed","ping_status":"closed","template":"calculator.php","meta":{"inline_featured_image":false},"acf":[],"yoast_head":"<!-- This site is optimized with the Yoast SEO plugin v19.9 - https:\/\/yoast.com\/wordpress\/plugins\/seo\/ -->\n<title>Kred\u012btlimita apr\u0113\u0137in\u0101\u0161anas kalkulators - Agrocredit<\/title>\n<meta name=\"robots\" content=\"index, follow, max-snippet:-1, max-image-preview:large, max-video-preview:-1\" \/>\n<link rel=\"canonical\" href=\"https:\/\/agrocredit.lv\/sezonas-finansejuma-kreditlimita-kalkulators\/\" \/>\n<meta property=\"og:locale\" content=\"en_US\" \/>\n<meta property=\"og:type\" content=\"article\" \/>\n<meta property=\"og:title\" content=\"[:lv]Sezonas finans\u0113juma kred\u012btlimita kalkulators[:en]Kred\u012btlimita apr\u0113\u0137in\u0101\u0161anas kalkulators[:] - Agrocredit\" \/>\n<meta property=\"og:url\" content=\"https:\/\/agrocredit.lv\/sezonas-finansejuma-kreditlimita-kalkulators\/\" \/>\n<meta property=\"og:site_name\" content=\"Agrocredit\" \/>\n<meta property=\"article:modified_time\" content=\"2020-03-22T16:26:54+00:00\" \/>\n<meta name=\"twitter:card\" content=\"summary_large_image\" \/>\n<script type=\"application\/ld+json\" class=\"yoast-schema-graph\">{\"@context\":\"https:\/\/schema.org\",\"@graph\":[{\"@type\":\"WebPage\",\"@id\":\"https:\/\/agrocredit.lv\/sezonas-finansejuma-kreditlimita-kalkulators\/\",\"url\":\"https:\/\/agrocredit.lv\/sezonas-finansejuma-kreditlimita-kalkulators\/\",\"name\":\"[:lv]Sezonas finans\u0113juma kred\u012btlimita kalkulators[:en]Kred\u012btlimita apr\u0113\u0137in\u0101\u0161anas kalkulators[:] - Agrocredit\",\"isPartOf\":{\"@id\":\"https:\/\/agrocredit.lv\/#website\"},\"datePublished\":\"2019-09-09T13:12:40+00:00\",\"dateModified\":\"2020-03-22T16:26:54+00:00\",\"breadcrumb\":{\"@id\":\"https:\/\/agrocredit.lv\/sezonas-finansejuma-kreditlimita-kalkulators\/#breadcrumb\"},\"inLanguage\":\"en-US\",\"potentialAction\":[{\"@type\":\"ReadAction\",\"target\":[\"https:\/\/agrocredit.lv\/sezonas-finansejuma-kreditlimita-kalkulators\/\"]}]},{\"@type\":\"BreadcrumbList\",\"@id\":\"https:\/\/agrocredit.lv\/sezonas-finansejuma-kreditlimita-kalkulators\/#breadcrumb\",\"itemListElement\":[{\"@type\":\"ListItem\",\"position\":1,\"name\":\"Home\",\"item\":\"https:\/\/agrocredit.lv\/\"},{\"@type\":\"ListItem\",\"position\":2,\"name\":\"Sezonas finans\u0113juma kred\u012btlimita kalkulators\"}]},{\"@type\":\"WebSite\",\"@id\":\"https:\/\/agrocredit.lv\/#website\",\"url\":\"https:\/\/agrocredit.lv\/\",\"name\":\"Agrocredit\",\"description\":\"Agrocredit\",\"potentialAction\":[{\"@type\":\"SearchAction\",\"target\":{\"@type\":\"EntryPoint\",\"urlTemplate\":\"https:\/\/agrocredit.lv\/?s={search_term_string}\"},\"query-input\":\"required name=search_term_string\"}],\"inLanguage\":\"en-US\"}]}<\/script>\n<!-- \/ Yoast SEO plugin. -->","yoast_head_json":{"title":"[:lv]Sezonas finans\u0113juma kred\u012btlimita kalkulators[:en]Kred\u012btlimita apr\u0113\u0137in\u0101\u0161anas kalkulators[:] - Agrocredit","robots":{"index":"index","follow":"follow","max-snippet":"max-snippet:-1","max-image-preview":"max-image-preview:large","max-video-preview":"max-video-preview:-1"},"canonical":"https:\/\/agrocredit.lv\/sezonas-finansejuma-kreditlimita-kalkulators\/","og_locale":"en_US","og_type":"article","og_title":"[:lv]Sezonas finans\u0113juma kred\u012btlimita kalkulators[:en]Kred\u012btlimita apr\u0113\u0137in\u0101\u0161anas kalkulators[:] - Agrocredit","og_url":"https:\/\/agrocredit.lv\/sezonas-finansejuma-kreditlimita-kalkulators\/","og_site_name":"Agrocredit","article_modified_time":"2020-03-22T16:26:54+00:00","twitter_card":"summary_large_image","schema":{"@context":"https:\/\/schema.org","@graph":[{"@type":"WebPage","@id":"https:\/\/agrocredit.lv\/sezonas-finansejuma-kreditlimita-kalkulators\/","url":"https:\/\/agrocredit.lv\/sezonas-finansejuma-kreditlimita-kalkulators\/","name":"[:lv]Sezonas finans\u0113juma kred\u012btlimita kalkulators[:en]Kred\u012btlimita apr\u0113\u0137in\u0101\u0161anas kalkulators[:] - Agrocredit","isPartOf":{"@id":"https:\/\/agrocredit.lv\/#website"},"datePublished":"2019-09-09T13:12:40+00:00","dateModified":"2020-03-22T16:26:54+00:00","breadcrumb":{"@id":"https:\/\/agrocredit.lv\/sezonas-finansejuma-kreditlimita-kalkulators\/#breadcrumb"},"inLanguage":"en-US","potentialAction":[{"@type":"ReadAction","target":["https:\/\/agrocredit.lv\/sezonas-finansejuma-kreditlimita-kalkulators\/"]}]},{"@type":"BreadcrumbList","@id":"https:\/\/agrocredit.lv\/sezonas-finansejuma-kreditlimita-kalkulators\/#breadcrumb","itemListElement":[{"@type":"ListItem","position":1,"name":"Home","item":"https:\/\/agrocredit.lv\/"},{"@type":"ListItem","position":2,"name":"Sezonas finans\u0113juma kred\u012btlimita kalkulators"}]},{"@type":"WebSite","@id":"https:\/\/agrocredit.lv\/#website","url":"https:\/\/agrocredit.lv\/","name":"Agrocredit","description":"Agrocredit","potentialAction":[{"@type":"SearchAction","target":{"@type":"EntryPoint","urlTemplate":"https:\/\/agrocredit.lv\/?s={search_term_string}"},"query-input":"required name=search_term_string"}],"inLanguage":"en-US"}]}},"_links":{"self":[{"href":"https:\/\/agrocredit.lv\/en\/wp-json\/wp\/v2\/pages\/684"}],"collection":[{"href":"https:\/\/agrocredit.lv\/en\/wp-json\/wp\/v2\/pages"}],"about":[{"href":"https:\/\/agrocredit.lv\/en\/wp-json\/wp\/v2\/types\/page"}],"author":[{"embeddable":true,"href":"https:\/\/agrocredit.lv\/en\/wp-json\/wp\/v2\/users\/2"}],"replies":[{"embeddable":true,"href":"https:\/\/agrocredit.lv\/en\/wp-json\/wp\/v2\/comments?post=684"}],"version-history":[{"count":2,"href":"https:\/\/agrocredit.lv\/en\/wp-json\/wp\/v2\/pages\/684\/revisions"}],"predecessor-version":[{"id":802,"href":"https:\/\/agrocredit.lv\/en\/wp-json\/wp\/v2\/pages\/684\/revisions\/802"}],"wp:attachment":[{"href":"https:\/\/agrocredit.lv\/en\/wp-json\/wp\/v2\/media?parent=684"}],"curies":[{"name":"wp","href":"https:\/\/api.w.org\/{rel}","templated":true}]}}