{"id":24,"date":"2015-02-25T12:20:59","date_gmt":"2015-02-25T12:20:59","guid":{"rendered":"http:\/\/www.agrocredit.lv\/?page_id=24"},"modified":"2015-03-02T16:19:22","modified_gmt":"2015-03-02T16:19:22","slug":"pakalpojumi-krediti","status":"publish","type":"page","link":"https:\/\/agrocredit.lv\/en\/pakalpojumi-krediti\/","title":{"rendered":"Consulting on financial and legal matters"},"content":{"rendered":"<p>Using our wealth of experience gained through operation in a banking sector and funding of agricultural projects, we are helping farmers to find the best financial solutions in order to:<\/p>\n<ol>\n<li>Attract credit funding for carrying out the new projects;<\/li>\n<li>Meet the existing liabilities by rescheduling the due dates, credit security and other arrangements pursuant to the present operational needs;<\/li>\n<li>Refinance the existing liabilities to the other credit institution on more favorable arrangements.<\/li>\n<\/ol>\n<p>We also collect all the necessary financial information which is required for attraction of the co-funding \u2014 the borrowed and the investment capital, or the EU funds.<\/p>\n<p>We render the following legal services:<\/p>\n<ol>\n<li>Conduct the property buying deals.<\/li>\n<li>Represent the interests of farmers in relations with the existing and the prospective investors or creditors.<\/li>\n<li>Consult on various regular contract conclusion matters associated with the business activity.<\/li>\n<li>Render various legal services associated with registration, any changes to, and reorganization of an undertaking, and so forth.<\/li>\n<\/ol>\n<p>&nbsp;<\/p>","protected":false},"excerpt":{"rendered":"<p>Using our wealth of experience gained through operation in a banking sector and funding of agricultural projects, we are helping farmers to find the best&#8230;<\/p>\n","protected":false},"author":2,"featured_media":0,"parent":0,"menu_order":2,"comment_status":"open","ping_status":"open","template":"","meta":{"inline_featured_image":false},"acf":[],"yoast_head":"<!-- This site is optimized with the Yoast SEO plugin v19.9 - https:\/\/yoast.com\/wordpress\/plugins\/seo\/ -->\n<title>Consulting on financial and legal matters - Agrocredit<\/title>\n<meta name=\"robots\" content=\"index, follow, max-snippet:-1, max-image-preview:large, max-video-preview:-1\" \/>\n<link rel=\"canonical\" href=\"https:\/\/agrocredit.lv\/pakalpojumi-krediti\/\" \/>\n<meta property=\"og:locale\" content=\"en_US\" \/>\n<meta property=\"og:type\" content=\"article\" \/>\n<meta property=\"og:title\" content=\"[:lv]Finan\u0161u un juridisk\u0101s konsult\u0101cijas[:en]Consulting on financial and legal matters[:] - Agrocredit\" \/>\n<meta property=\"og:description\" content=\"Using our wealth of experience gained through operation in a banking sector and funding of agricultural projects, we are helping farmers to find the best...\" \/>\n<meta property=\"og:url\" content=\"https:\/\/agrocredit.lv\/pakalpojumi-krediti\/\" \/>\n<meta property=\"og:site_name\" content=\"Agrocredit\" \/>\n<meta property=\"article:modified_time\" content=\"2015-03-02T16:19:22+00:00\" \/>\n<meta name=\"twitter:card\" content=\"summary_large_image\" \/>\n<meta name=\"twitter:label1\" content=\"Est. reading time\" \/>\n\t<meta name=\"twitter:data1\" content=\"2 minutes\" \/>\n<script type=\"application\/ld+json\" class=\"yoast-schema-graph\">{\"@context\":\"https:\/\/schema.org\",\"@graph\":[{\"@type\":\"WebPage\",\"@id\":\"https:\/\/agrocredit.lv\/pakalpojumi-krediti\/\",\"url\":\"https:\/\/agrocredit.lv\/pakalpojumi-krediti\/\",\"name\":\"[:lv]Finan\u0161u un juridisk\u0101s konsult\u0101cijas[:en]Consulting on financial and legal matters[:] - Agrocredit\",\"isPartOf\":{\"@id\":\"https:\/\/agrocredit.lv\/#website\"},\"datePublished\":\"2015-02-25T12:20:59+00:00\",\"dateModified\":\"2015-03-02T16:19:22+00:00\",\"breadcrumb\":{\"@id\":\"https:\/\/agrocredit.lv\/pakalpojumi-krediti\/#breadcrumb\"},\"inLanguage\":\"en-US\",\"potentialAction\":[{\"@type\":\"ReadAction\",\"target\":[\"https:\/\/agrocredit.lv\/pakalpojumi-krediti\/\"]}]},{\"@type\":\"BreadcrumbList\",\"@id\":\"https:\/\/agrocredit.lv\/pakalpojumi-krediti\/#breadcrumb\",\"itemListElement\":[{\"@type\":\"ListItem\",\"position\":1,\"name\":\"Home\",\"item\":\"https:\/\/agrocredit.lv\/\"},{\"@type\":\"ListItem\",\"position\":2,\"name\":\"Finan\u0161u un juridisk\u0101s konsult\u0101cijas\"}]},{\"@type\":\"WebSite\",\"@id\":\"https:\/\/agrocredit.lv\/#website\",\"url\":\"https:\/\/agrocredit.lv\/\",\"name\":\"Agrocredit\",\"description\":\"Agrocredit\",\"potentialAction\":[{\"@type\":\"SearchAction\",\"target\":{\"@type\":\"EntryPoint\",\"urlTemplate\":\"https:\/\/agrocredit.lv\/?s={search_term_string}\"},\"query-input\":\"required name=search_term_string\"}],\"inLanguage\":\"en-US\"}]}<\/script>\n<!-- \/ Yoast SEO plugin. -->","yoast_head_json":{"title":"[:lv]Finan\u0161u un juridisk\u0101s konsult\u0101cijas[:en]Consulting on financial and legal matters[:] - Agrocredit","robots":{"index":"index","follow":"follow","max-snippet":"max-snippet:-1","max-image-preview":"max-image-preview:large","max-video-preview":"max-video-preview:-1"},"canonical":"https:\/\/agrocredit.lv\/pakalpojumi-krediti\/","og_locale":"en_US","og_type":"article","og_title":"[:lv]Finan\u0161u un juridisk\u0101s konsult\u0101cijas[:en]Consulting on financial and legal matters[:] - Agrocredit","og_description":"Using our wealth of experience gained through operation in a banking sector and funding of agricultural projects, we are helping farmers to find the best...","og_url":"https:\/\/agrocredit.lv\/pakalpojumi-krediti\/","og_site_name":"Agrocredit","article_modified_time":"2015-03-02T16:19:22+00:00","twitter_card":"summary_large_image","twitter_misc":{"Est. reading time":"2 minutes"},"schema":{"@context":"https:\/\/schema.org","@graph":[{"@type":"WebPage","@id":"https:\/\/agrocredit.lv\/pakalpojumi-krediti\/","url":"https:\/\/agrocredit.lv\/pakalpojumi-krediti\/","name":"[:lv]Finan\u0161u un juridisk\u0101s konsult\u0101cijas[:en]Consulting on financial and legal matters[:] - Agrocredit","isPartOf":{"@id":"https:\/\/agrocredit.lv\/#website"},"datePublished":"2015-02-25T12:20:59+00:00","dateModified":"2015-03-02T16:19:22+00:00","breadcrumb":{"@id":"https:\/\/agrocredit.lv\/pakalpojumi-krediti\/#breadcrumb"},"inLanguage":"en-US","potentialAction":[{"@type":"ReadAction","target":["https:\/\/agrocredit.lv\/pakalpojumi-krediti\/"]}]},{"@type":"BreadcrumbList","@id":"https:\/\/agrocredit.lv\/pakalpojumi-krediti\/#breadcrumb","itemListElement":[{"@type":"ListItem","position":1,"name":"Home","item":"https:\/\/agrocredit.lv\/"},{"@type":"ListItem","position":2,"name":"Finan\u0161u un juridisk\u0101s konsult\u0101cijas"}]},{"@type":"WebSite","@id":"https:\/\/agrocredit.lv\/#website","url":"https:\/\/agrocredit.lv\/","name":"Agrocredit","description":"Agrocredit","potentialAction":[{"@type":"SearchAction","target":{"@type":"EntryPoint","urlTemplate":"https:\/\/agrocredit.lv\/?s={search_term_string}"},"query-input":"required name=search_term_string"}],"inLanguage":"en-US"}]}},"_links":{"self":[{"href":"https:\/\/agrocredit.lv\/en\/wp-json\/wp\/v2\/pages\/24"}],"collection":[{"href":"https:\/\/agrocredit.lv\/en\/wp-json\/wp\/v2\/pages"}],"about":[{"href":"https:\/\/agrocredit.lv\/en\/wp-json\/wp\/v2\/types\/page"}],"author":[{"embeddable":true,"href":"https:\/\/agrocredit.lv\/en\/wp-json\/wp\/v2\/users\/2"}],"replies":[{"embeddable":true,"href":"https:\/\/agrocredit.lv\/en\/wp-json\/wp\/v2\/comments?post=24"}],"version-history":[{"count":6,"href":"https:\/\/agrocredit.lv\/en\/wp-json\/wp\/v2\/pages\/24\/revisions"}],"predecessor-version":[{"id":142,"href":"https:\/\/agrocredit.lv\/en\/wp-json\/wp\/v2\/pages\/24\/revisions\/142"}],"wp:attachment":[{"href":"https:\/\/agrocredit.lv\/en\/wp-json\/wp\/v2\/media?parent=24"}],"curies":[{"name":"wp","href":"https:\/\/api.w.org\/{rel}","templated":true}]}}