{"id":11,"date":"2015-02-25T12:18:48","date_gmt":"2015-02-25T12:18:48","guid":{"rendered":"http:\/\/www.agrocredit.lv\/?page_id=11"},"modified":"2020-05-15T06:44:49","modified_gmt":"2020-05-15T06:44:49","slug":"par-mums","status":"publish","type":"page","link":"https:\/\/agrocredit.lv\/en\/par-mums\/","title":{"rendered":"Company"},"content":{"rendered":"<p>SIA AgroCredit Latvia is a non-bank financier that provides credit and lending services to Latvian farmers. The company offers seasonal financing for grain growers, working capital loans and long-term loans, as well as leasing services for representatives of all agricultural sectors. We also provide financing for projects co-financed by the EU structural funds.<\/p>\n<p>The company was founded in 2011 and its members are \u0122irts Vinters and J\u0101nis K\u0101rkli\u0146\u0161, who have gained extensive experience in the banking sector and jurisprudence. The goal of the company is to render Latvian farmers with wider access to finance and to provide farmers with convenient, easy-to-understand and quickly available credit and lending services.<\/p>\n<p>The company&#8217;s core values in cooperation with its customers, as well as investors, are honesty, clearly transparent operation, as well as the most flexible approach possible to meet the customer&#8217;s financial needs and solve problems.<\/p>\n<p>By cooperating with SIA AgroCredit Latvia, farmers get an opportunity to work together with a competent financial partner who will find the most suitable solutions for providing daily economic activities with the necessary financial resources.<\/p>","protected":false},"excerpt":{"rendered":"<p>SIA AgroCredit Latvia is a non-bank financier that provides credit and lending services to Latvian farmers. The company offers seasonal financing for grain growers, working&#8230;<\/p>\n","protected":false},"author":2,"featured_media":0,"parent":0,"menu_order":10,"comment_status":"open","ping_status":"open","template":"","meta":{"inline_featured_image":false},"acf":[],"yoast_head":"<!-- This site is optimized with the Yoast SEO plugin v19.9 - https:\/\/yoast.com\/wordpress\/plugins\/seo\/ -->\n<title>Company - Agrocredit<\/title>\n<meta name=\"robots\" content=\"index, follow, max-snippet:-1, max-image-preview:large, max-video-preview:-1\" \/>\n<link rel=\"canonical\" href=\"https:\/\/agrocredit.lv\/en\/par-mums\/\" \/>\n<meta property=\"og:locale\" content=\"en_US\" \/>\n<meta property=\"og:type\" content=\"article\" \/>\n<meta property=\"og:title\" content=\"[:lv]Par mums[:en]Company[:] - Agrocredit\" \/>\n<meta property=\"og:description\" content=\"SIA AgroCredit Latvia is a non-bank financier that provides credit and lending services to Latvian farmers. The company offers seasonal financing for grain growers, working...\" \/>\n<meta property=\"og:url\" content=\"https:\/\/agrocredit.lv\/en\/par-mums\/\" \/>\n<meta property=\"og:site_name\" content=\"Agrocredit\" \/>\n<meta property=\"article:modified_time\" content=\"2020-05-15T06:44:49+00:00\" \/>\n<meta name=\"twitter:card\" content=\"summary_large_image\" \/>\n<meta name=\"twitter:label1\" content=\"Est. reading time\" \/>\n\t<meta name=\"twitter:data1\" content=\"2 minutes\" \/>\n<script type=\"application\/ld+json\" class=\"yoast-schema-graph\">{\"@context\":\"https:\/\/schema.org\",\"@graph\":[{\"@type\":\"WebPage\",\"@id\":\"https:\/\/agrocredit.lv\/en\/par-mums\/\",\"url\":\"https:\/\/agrocredit.lv\/en\/par-mums\/\",\"name\":\"[:lv]Par mums[:en]Company[:] - Agrocredit\",\"isPartOf\":{\"@id\":\"https:\/\/agrocredit.lv\/#website\"},\"datePublished\":\"2015-02-25T12:18:48+00:00\",\"dateModified\":\"2020-05-15T06:44:49+00:00\",\"breadcrumb\":{\"@id\":\"https:\/\/agrocredit.lv\/en\/par-mums\/#breadcrumb\"},\"inLanguage\":\"en-US\",\"potentialAction\":[{\"@type\":\"ReadAction\",\"target\":[\"https:\/\/agrocredit.lv\/en\/par-mums\/\"]}]},{\"@type\":\"BreadcrumbList\",\"@id\":\"https:\/\/agrocredit.lv\/en\/par-mums\/#breadcrumb\",\"itemListElement\":[{\"@type\":\"ListItem\",\"position\":1,\"name\":\"Home\",\"item\":\"https:\/\/agrocredit.lv\/\"},{\"@type\":\"ListItem\",\"position\":2,\"name\":\"Company\"}]},{\"@type\":\"WebSite\",\"@id\":\"https:\/\/agrocredit.lv\/#website\",\"url\":\"https:\/\/agrocredit.lv\/\",\"name\":\"Agrocredit\",\"description\":\"Agrocredit\",\"potentialAction\":[{\"@type\":\"SearchAction\",\"target\":{\"@type\":\"EntryPoint\",\"urlTemplate\":\"https:\/\/agrocredit.lv\/?s={search_term_string}\"},\"query-input\":\"required name=search_term_string\"}],\"inLanguage\":\"en-US\"}]}<\/script>\n<!-- \/ Yoast SEO plugin. -->","yoast_head_json":{"title":"[:lv]Par mums[:en]Company[:] - Agrocredit","robots":{"index":"index","follow":"follow","max-snippet":"max-snippet:-1","max-image-preview":"max-image-preview:large","max-video-preview":"max-video-preview:-1"},"canonical":"https:\/\/agrocredit.lv\/en\/par-mums\/","og_locale":"en_US","og_type":"article","og_title":"[:lv]Par mums[:en]Company[:] - Agrocredit","og_description":"SIA AgroCredit Latvia is a non-bank financier that provides credit and lending services to Latvian farmers. The company offers seasonal financing for grain growers, working...","og_url":"https:\/\/agrocredit.lv\/en\/par-mums\/","og_site_name":"Agrocredit","article_modified_time":"2020-05-15T06:44:49+00:00","twitter_card":"summary_large_image","twitter_misc":{"Est. reading time":"2 minutes"},"schema":{"@context":"https:\/\/schema.org","@graph":[{"@type":"WebPage","@id":"https:\/\/agrocredit.lv\/en\/par-mums\/","url":"https:\/\/agrocredit.lv\/en\/par-mums\/","name":"[:lv]Par mums[:en]Company[:] - Agrocredit","isPartOf":{"@id":"https:\/\/agrocredit.lv\/#website"},"datePublished":"2015-02-25T12:18:48+00:00","dateModified":"2020-05-15T06:44:49+00:00","breadcrumb":{"@id":"https:\/\/agrocredit.lv\/en\/par-mums\/#breadcrumb"},"inLanguage":"en-US","potentialAction":[{"@type":"ReadAction","target":["https:\/\/agrocredit.lv\/en\/par-mums\/"]}]},{"@type":"BreadcrumbList","@id":"https:\/\/agrocredit.lv\/en\/par-mums\/#breadcrumb","itemListElement":[{"@type":"ListItem","position":1,"name":"Home","item":"https:\/\/agrocredit.lv\/"},{"@type":"ListItem","position":2,"name":"Company"}]},{"@type":"WebSite","@id":"https:\/\/agrocredit.lv\/#website","url":"https:\/\/agrocredit.lv\/","name":"Agrocredit","description":"Agrocredit","potentialAction":[{"@type":"SearchAction","target":{"@type":"EntryPoint","urlTemplate":"https:\/\/agrocredit.lv\/?s={search_term_string}"},"query-input":"required name=search_term_string"}],"inLanguage":"en-US"}]}},"_links":{"self":[{"href":"https:\/\/agrocredit.lv\/en\/wp-json\/wp\/v2\/pages\/11"}],"collection":[{"href":"https:\/\/agrocredit.lv\/en\/wp-json\/wp\/v2\/pages"}],"about":[{"href":"https:\/\/agrocredit.lv\/en\/wp-json\/wp\/v2\/types\/page"}],"author":[{"embeddable":true,"href":"https:\/\/agrocredit.lv\/en\/wp-json\/wp\/v2\/users\/2"}],"replies":[{"embeddable":true,"href":"https:\/\/agrocredit.lv\/en\/wp-json\/wp\/v2\/comments?post=11"}],"version-history":[{"count":15,"href":"https:\/\/agrocredit.lv\/en\/wp-json\/wp\/v2\/pages\/11\/revisions"}],"predecessor-version":[{"id":924,"href":"https:\/\/agrocredit.lv\/en\/wp-json\/wp\/v2\/pages\/11\/revisions\/924"}],"wp:attachment":[{"href":"https:\/\/agrocredit.lv\/en\/wp-json\/wp\/v2\/media?parent=11"}],"curies":[{"name":"wp","href":"https:\/\/api.w.org\/{rel}","templated":true}]}}